{"id":13,"date":"2018-12-20T03:24:08","date_gmt":"2018-12-20T03:24:08","guid":{"rendered":"http:\/\/clubcosplaycolombia.com\/?page_id=13"},"modified":"2024-11-26T15:21:30","modified_gmt":"2024-11-26T15:21:30","slug":"eventos","status":"publish","type":"page","link":"https:\/\/clubcosplaycolombia.com\/index.php\/eventos\/","title":{"rendered":"Eventos"},"content":{"rendered":"\t\t<div data-elementor-type=\"wp-post\" data-elementor-id=\"13\" class=\"elementor elementor-13\">\n\t\t\t\t\t\t<section class=\"elementor-section elementor-top-section elementor-element elementor-element-f9676cf elementor-section-stretched elementor-section-full_width elementor-section-height-default elementor-section-height-default\" data-id=\"f9676cf\" data-element_type=\"section\" data-settings=\"{&quot;stretch_section&quot;:&quot;section-stretched&quot;}\">\n\t\t\t\t\t\t<div class=\"elementor-container elementor-column-gap-default\">\n\t\t\t\t\t<div class=\"elementor-column elementor-col-100 elementor-top-column elementor-element elementor-element-38f32cb\" data-id=\"38f32cb\" data-element_type=\"column\">\n\t\t\t<div class=\"elementor-widget-wrap elementor-element-populated\">\n\t\t\t\t\t\t<div class=\"elementor-element elementor-element-483fc91 elementor-widget elementor-widget-image\" data-id=\"483fc91\" data-element_type=\"widget\" data-widget_type=\"image.default\">\n\t\t\t\t<div class=\"elementor-widget-container\">\n\t\t\t\t\t\t\t\t\t\t\t\t\t<img fetchpriority=\"high\" decoding=\"async\" width=\"1001\" height=\"142\" src=\"https:\/\/clubcosplaycolombia.com\/wp-content\/uploads\/2018\/12\/Eventos-club-Cosplay-colombia.png\" class=\"attachment-full size-full wp-image-162\" alt=\"\" srcset=\"https:\/\/clubcosplaycolombia.com\/wp-content\/uploads\/2018\/12\/Eventos-club-Cosplay-colombia.png 1001w, https:\/\/clubcosplaycolombia.com\/wp-content\/uploads\/2018\/12\/Eventos-club-Cosplay-colombia-300x43.png 300w, https:\/\/clubcosplaycolombia.com\/wp-content\/uploads\/2018\/12\/Eventos-club-Cosplay-colombia-768x109.png 768w\" sizes=\"(max-width: 1001px) 100vw, 1001px\" \/>\t\t\t\t\t\t\t\t\t\t\t\t\t<\/div>\n\t\t\t\t<\/div>\n\t\t\t\t\t<\/div>\n\t\t<\/div>\n\t\t\t\t\t<\/div>\n\t\t<\/section>\n\t\t\t\t<section class=\"elementor-section elementor-top-section elementor-element elementor-element-34a0e59 elementor-section-boxed elementor-section-height-default elementor-section-height-default\" data-id=\"34a0e59\" data-element_type=\"section\">\n\t\t\t\t\t\t<div class=\"elementor-container elementor-column-gap-default\">\n\t\t\t\t\t<div class=\"elementor-column elementor-col-100 elementor-top-column elementor-element elementor-element-ea6a156\" data-id=\"ea6a156\" data-element_type=\"column\">\n\t\t\t<div class=\"elementor-widget-wrap\">\n\t\t\t\t\t\t\t<\/div>\n\t\t<\/div>\n\t\t\t\t\t<\/div>\n\t\t<\/section>\n\t\t\t\t<section class=\"elementor-section elementor-top-section elementor-element elementor-element-4ff6c43 elementor-section-boxed elementor-section-height-default elementor-section-height-default\" data-id=\"4ff6c43\" data-element_type=\"section\">\n\t\t\t\t\t\t<div class=\"elementor-container elementor-column-gap-default\">\n\t\t\t\t\t<div class=\"elementor-column elementor-col-100 elementor-top-column elementor-element elementor-element-3c8db2c\" data-id=\"3c8db2c\" data-element_type=\"column\">\n\t\t\t<div class=\"elementor-widget-wrap elementor-element-populated\">\n\t\t\t\t\t\t<div class=\"elementor-element elementor-element-05e7297 elementor-widget elementor-widget-spacer\" data-id=\"05e7297\" data-element_type=\"widget\" data-widget_type=\"spacer.default\">\n\t\t\t\t<div class=\"elementor-widget-container\">\n\t\t\t\t\t<div class=\"elementor-spacer\">\n\t\t\t<div class=\"elementor-spacer-inner\"><\/div>\n\t\t<\/div>\n\t\t\t\t<\/div>\n\t\t\t\t<\/div>\n\t\t\t\t<div class=\"elementor-element elementor-element-6ba0416 elementor-widget elementor-widget-heading\" data-id=\"6ba0416\" data-element_type=\"widget\" data-widget_type=\"heading.default\">\n\t\t\t\t<div class=\"elementor-widget-container\">\n\t\t\t<h2 class=\"elementor-heading-title elementor-size-default\"> pr\u00f3ximos eventos<\/h2>\t\t<\/div>\n\t\t\t\t<\/div>\n\t\t\t\t<div class=\"elementor-element elementor-element-ef16a6f elementor-position-top elementor-widget elementor-widget-image-box\" data-id=\"ef16a6f\" data-element_type=\"widget\" data-widget_type=\"image-box.default\">\n\t\t\t\t<div class=\"elementor-widget-container\">\n\t\t\t<div class=\"elementor-image-box-wrapper\"><figure class=\"elementor-image-box-img\"><img decoding=\"async\" width=\"768\" height=\"1024\" src=\"https:\/\/clubcosplaycolombia.com\/wp-content\/uploads\/2019\/03\/cumplea\u00f1os-club-768x1024.jpg\" class=\"attachment-medium_large size-medium_large wp-image-443\" alt=\"\" srcset=\"https:\/\/clubcosplaycolombia.com\/wp-content\/uploads\/2019\/03\/cumplea\u00f1os-club-768x1024.jpg 768w, https:\/\/clubcosplaycolombia.com\/wp-content\/uploads\/2019\/03\/cumplea\u00f1os-club-225x300.jpg 225w, https:\/\/clubcosplaycolombia.com\/wp-content\/uploads\/2019\/03\/cumplea\u00f1os-club.jpg 960w\" sizes=\"(max-width: 768px) 100vw, 768px\" \/><\/figure><div class=\"elementor-image-box-content\"><h3 class=\"elementor-image-box-title\">celebracion cumplea\u00f1os<\/h3><p class=\"elementor-image-box-description\">muy pronto estaremos en contacto con los mienbros del club para empezar a desarrollar las actividades de cumplea\u00f1os, mes a mes<\/p><\/div><\/div>\t\t<\/div>\n\t\t\t\t<\/div>\n\t\t\t\t<div class=\"elementor-element elementor-element-107a971 elementor-widget elementor-widget-spacer\" data-id=\"107a971\" data-element_type=\"widget\" data-widget_type=\"spacer.default\">\n\t\t\t\t<div class=\"elementor-widget-container\">\n\t\t\t\t\t<div class=\"elementor-spacer\">\n\t\t\t<div class=\"elementor-spacer-inner\"><\/div>\n\t\t<\/div>\n\t\t\t\t<\/div>\n\t\t\t\t<\/div>\n\t\t\t\t<div class=\"elementor-element elementor-element-22500fd elementor-widget elementor-widget-heading\" data-id=\"22500fd\" data-element_type=\"widget\" data-widget_type=\"heading.default\">\n\t\t\t\t<div class=\"elementor-widget-container\">\n\t\t\t<h2 class=\"elementor-heading-title elementor-size-medium\">cumplea\u00f1os<\/h2>\t\t<\/div>\n\t\t\t\t<\/div>\n\t\t\t\t<section class=\"elementor-section elementor-inner-section elementor-element elementor-element-900a6fc elementor-section-boxed elementor-section-height-default elementor-section-height-default\" data-id=\"900a6fc\" data-element_type=\"section\">\n\t\t\t\t\t\t<div class=\"elementor-container elementor-column-gap-default\">\n\t\t\t\t\t<div class=\"elementor-column elementor-col-100 elementor-inner-column elementor-element elementor-element-8ab0f29\" data-id=\"8ab0f29\" data-element_type=\"column\">\n\t\t\t<div class=\"elementor-widget-wrap elementor-element-populated\">\n\t\t\t\t\t\t<div class=\"elementor-element elementor-element-3df529e elementor-widget elementor-widget-image\" data-id=\"3df529e\" data-element_type=\"widget\" data-widget_type=\"image.default\">\n\t\t\t\t<div class=\"elementor-widget-container\">\n\t\t\t\t\t\t\t\t\t\t\t\t\t<img decoding=\"async\" width=\"150\" height=\"150\" src=\"https:\/\/clubcosplaycolombia.com\/wp-content\/uploads\/2019\/01\/signos-club-cosplay-colombia-150x150.jpg\" class=\"attachment-thumbnail size-thumbnail wp-image-390\" alt=\"\" \/>\t\t\t\t\t\t\t\t\t\t\t\t\t<\/div>\n\t\t\t\t<\/div>\n\t\t\t\t<div class=\"elementor-element elementor-element-2e6546d elementor-widget elementor-widget-image\" data-id=\"2e6546d\" data-element_type=\"widget\" data-widget_type=\"image.default\">\n\t\t\t\t<div class=\"elementor-widget-container\">\n\t\t\t\t\t\t\t\t\t\t\t\t\t<img loading=\"lazy\" decoding=\"async\" width=\"768\" height=\"576\" src=\"https:\/\/clubcosplaycolombia.com\/wp-content\/uploads\/2019\/02\/free-comics-768x576.jpg\" class=\"attachment-medium_large size-medium_large wp-image-413\" alt=\"\" srcset=\"https:\/\/clubcosplaycolombia.com\/wp-content\/uploads\/2019\/02\/free-comics-768x576.jpg 768w, https:\/\/clubcosplaycolombia.com\/wp-content\/uploads\/2019\/02\/free-comics-300x225.jpg 300w, https:\/\/clubcosplaycolombia.com\/wp-content\/uploads\/2019\/02\/free-comics-1024x768.jpg 1024w, https:\/\/clubcosplaycolombia.com\/wp-content\/uploads\/2019\/02\/free-comics.jpg 1032w\" sizes=\"(max-width: 768px) 100vw, 768px\" \/>\t\t\t\t\t\t\t\t\t\t\t\t\t<\/div>\n\t\t\t\t<\/div>\n\t\t\t\t\t<\/div>\n\t\t<\/div>\n\t\t\t\t\t<\/div>\n\t\t<\/section>\n\t\t\t\t<div class=\"elementor-element elementor-element-bb8f6fa elementor-widget elementor-widget-heading\" data-id=\"bb8f6fa\" data-element_type=\"widget\" data-widget_type=\"heading.default\">\n\t\t\t\t<div class=\"elementor-widget-container\">\n\t\t\t<h2 class=\"elementor-heading-title elementor-size-large\">FELIZ CUMPLEA\u00d1OS A CADA UNO DE LOS MIEMBROS DEL CLUB EN EL MES de diciembre<\/h2>\t\t<\/div>\n\t\t\t\t<\/div>\n\t\t\t\t<div class=\"elementor-element elementor-element-2300ad9 elementor-widget elementor-widget-spacer\" data-id=\"2300ad9\" data-element_type=\"widget\" data-widget_type=\"spacer.default\">\n\t\t\t\t<div class=\"elementor-widget-container\">\n\t\t\t\t\t<div class=\"elementor-spacer\">\n\t\t\t<div class=\"elementor-spacer-inner\"><\/div>\n\t\t<\/div>\n\t\t\t\t<\/div>\n\t\t\t\t<\/div>\n\t\t\t\t<div class=\"elementor-element elementor-element-1b83090 elementor-widget elementor-widget-text-editor\" data-id=\"1b83090\" data-element_type=\"widget\" data-widget_type=\"text-editor.default\">\n\t\t\t\t<div class=\"elementor-widget-container\">\n\t\t\t\t\t\t\t<h3 style=\"text-align: center;\"><strong>Agenda de actividades en eventos<\/strong><\/h3><ul><li><span style=\"color: #333333;\">Dar a conocer el evento y promocionar un espacio de entretenimiento y esparcimiento para chicos y grandes, amantes de los c\u00f3mics, manga, anime y videojuego, donde puedan desarrollar actividades de recreaci\u00f3n de esta cultura oriental y americana que se desarrolla a nivel mundial<\/span><\/li><li><span style=\"color: #333333;\">Presentaci\u00f3n de trajes en todas las categor\u00edas mencionadas.<\/span><\/li><li><span style=\"color: #333333;\">Exhibici\u00f3n de productos y art\u00edculos con temas relacionados al evento.<\/span><\/li><li><span style=\"color: #333333;\">Concursos y obsequios a los asistentes.<\/span><\/li><\/ul>\t\t\t\t\t\t<\/div>\n\t\t\t\t<\/div>\n\t\t\t\t\t<\/div>\n\t\t<\/div>\n\t\t\t\t\t<\/div>\n\t\t<\/section>\n\t\t\t\t<\/div>\n\t\t","protected":false},"excerpt":{"rendered":"<p>pr\u00f3ximos eventos celebracion cumplea\u00f1os muy pronto estaremos en contacto con los mienbros del club para empezar a desarrollar las actividades de cumplea\u00f1os, mes a mes cumplea\u00f1os FELIZ CUMPLEA\u00d1OS A CADA UNO DE LOS MIEMBROS DEL CLUB EN EL MES de &hellip; <a href=\"https:\/\/clubcosplaycolombia.com\/index.php\/eventos\/\">Continuar<\/a><\/p>\n","protected":false},"author":1,"featured_media":0,"parent":0,"menu_order":0,"comment_status":"closed","ping_status":"closed","template":"","meta":{"kt_blocks_editor_width":"","footnotes":""},"class_list":["post-13","page","type-page","status-publish","hentry"],"_links":{"self":[{"href":"https:\/\/clubcosplaycolombia.com\/index.php\/wp-json\/wp\/v2\/pages\/13","targetHints":{"allow":["GET"]}}],"collection":[{"href":"https:\/\/clubcosplaycolombia.com\/index.php\/wp-json\/wp\/v2\/pages"}],"about":[{"href":"https:\/\/clubcosplaycolombia.com\/index.php\/wp-json\/wp\/v2\/types\/page"}],"author":[{"embeddable":true,"href":"https:\/\/clubcosplaycolombia.com\/index.php\/wp-json\/wp\/v2\/users\/1"}],"replies":[{"embeddable":true,"href":"https:\/\/clubcosplaycolombia.com\/index.php\/wp-json\/wp\/v2\/comments?post=13"}],"version-history":[{"count":199,"href":"https:\/\/clubcosplaycolombia.com\/index.php\/wp-json\/wp\/v2\/pages\/13\/revisions"}],"predecessor-version":[{"id":708,"href":"https:\/\/clubcosplaycolombia.com\/index.php\/wp-json\/wp\/v2\/pages\/13\/revisions\/708"}],"wp:attachment":[{"href":"https:\/\/clubcosplaycolombia.com\/index.php\/wp-json\/wp\/v2\/media?parent=13"}],"curies":[{"name":"wp","href":"https:\/\/api.w.org\/{rel}","templated":true}]}}