{"id":209,"date":"2018-12-23T13:34:59","date_gmt":"2018-12-23T13:34:59","guid":{"rendered":"http:\/\/clubcosplaycolombia.com\/?page_id=209"},"modified":"2018-12-24T16:44:57","modified_gmt":"2018-12-24T16:44:57","slug":"medios-de-pago","status":"publish","type":"page","link":"https:\/\/clubcosplaycolombia.com\/index.php\/medios-de-pago\/","title":{"rendered":"Medios de Pago"},"content":{"rendered":"\t\t<div data-elementor-type=\"wp-post\" data-elementor-id=\"209\" class=\"elementor elementor-209 elementor-bc-flex-widget\">\n\t\t\t\t\t\t<section class=\"elementor-section elementor-top-section elementor-element elementor-element-09534dc elementor-section-boxed elementor-section-height-default elementor-section-height-default\" data-id=\"09534dc\" data-element_type=\"section\">\n\t\t\t\t\t\t<div class=\"elementor-container elementor-column-gap-default\">\n\t\t\t\t\t<div class=\"elementor-column elementor-col-100 elementor-top-column elementor-element elementor-element-692bb18\" data-id=\"692bb18\" data-element_type=\"column\">\n\t\t\t<div class=\"elementor-widget-wrap elementor-element-populated\">\n\t\t\t\t\t\t<div class=\"elementor-element elementor-element-84ca8fc elementor-widget elementor-widget-heading\" data-id=\"84ca8fc\" data-element_type=\"widget\" data-widget_type=\"heading.default\">\n\t\t\t\t<div class=\"elementor-widget-container\">\n\t\t\t<h2 class=\"elementor-heading-title elementor-size-default\">Medios de Pago<\/h2>\t\t<\/div>\n\t\t\t\t<\/div>\n\t\t\t\t<div class=\"elementor-element elementor-element-c702069 elementor-widget elementor-widget-text-editor\" data-id=\"c702069\" data-element_type=\"widget\" data-widget_type=\"text-editor.default\">\n\t\t\t\t<div class=\"elementor-widget-container\">\n\t\t\t\t\t\t\t<h5 style=\"text-align: center;\">Contamos con diferentes medios de pago para que puedas adquirir nuestros productos y servicios<\/h5>\t\t\t\t\t\t<\/div>\n\t\t\t\t<\/div>\n\t\t\t\t<section class=\"elementor-section elementor-inner-section elementor-element elementor-element-b833629 elementor-section-boxed elementor-section-height-default elementor-section-height-default\" data-id=\"b833629\" data-element_type=\"section\">\n\t\t\t\t\t\t<div class=\"elementor-container elementor-column-gap-default\">\n\t\t\t\t\t<div class=\"elementor-column elementor-col-50 elementor-inner-column elementor-element elementor-element-be476ce\" data-id=\"be476ce\" data-element_type=\"column\">\n\t\t\t<div class=\"elementor-widget-wrap elementor-element-populated\">\n\t\t\t\t\t\t<div class=\"elementor-element elementor-element-3fdd9f2 elementor-widget elementor-widget-text-editor\" data-id=\"3fdd9f2\" data-element_type=\"widget\" data-widget_type=\"text-editor.default\">\n\t\t\t\t<div class=\"elementor-widget-container\">\n\t\t\t\t\t\t\t<h4 style=\"text-align: center;\"><b>PAGO CONTRA ENTREGA<\/b><\/h4><p style=\"text-align: center;\">Ac\u00e9rcate a nuestro punto principal o en cualquiera de nuestras presentaciones en eventos y adquiere tu art\u00edculo o membres\u00eda.<\/p><p style=\"text-align: center;\"><strong>Preg\u00fantanos como:<\/strong><\/p>\t\t\t\t\t\t<\/div>\n\t\t\t\t<\/div>\n\t\t\t\t<div class=\"elementor-element elementor-element-4c76898 elementor-align-center elementor-widget elementor-widget-button\" data-id=\"4c76898\" data-element_type=\"widget\" data-widget_type=\"button.default\">\n\t\t\t\t<div class=\"elementor-widget-container\">\n\t\t\t\t\t\t\t<div class=\"elementor-button-wrapper\">\n\t\t\t\t\t<a class=\"elementor-button elementor-button-link elementor-size-md\" href=\"https:\/\/api.whatsapp.com\/send?phone=573165619267&#038;text=Buen%20d%C3%ADa%20quiero%20comprar%20un%20producto%20\">\n\t\t\t\t\t\t<span class=\"elementor-button-content-wrapper\">\n\t\t\t\t\t\t\t\t\t<span class=\"elementor-button-text\">Whatsapp aqu\u00ed<\/span>\n\t\t\t\t\t<\/span>\n\t\t\t\t\t<\/a>\n\t\t\t\t<\/div>\n\t\t\t\t\t\t<\/div>\n\t\t\t\t<\/div>\n\t\t\t\t\t<\/div>\n\t\t<\/div>\n\t\t\t\t<div class=\"elementor-column elementor-col-50 elementor-inner-column elementor-element elementor-element-e0105dc\" data-id=\"e0105dc\" data-element_type=\"column\">\n\t\t\t<div class=\"elementor-widget-wrap elementor-element-populated\">\n\t\t\t\t\t\t<div class=\"elementor-element elementor-element-6a15866 elementor-widget elementor-widget-text-editor\" data-id=\"6a15866\" data-element_type=\"widget\" data-widget_type=\"text-editor.default\">\n\t\t\t\t<div class=\"elementor-widget-container\">\n\t\t\t\t\t\t\t<h4 style=\"text-align: center;\"><b>Transacci\u00f3n Bancaria<\/b><img decoding=\"async\" class=\"size-medium wp-image-287 aligncenter\" src=\"http:\/\/clubcosplaycolombia.com\/wp-content\/uploads\/2018\/12\/Logo-Davivienda-300x70.png\" alt=\"\" width=\"300\" height=\"70\" srcset=\"https:\/\/clubcosplaycolombia.com\/wp-content\/uploads\/2018\/12\/Logo-Davivienda-300x70.png 300w, https:\/\/clubcosplaycolombia.com\/wp-content\/uploads\/2018\/12\/Logo-Davivienda.png 436w\" sizes=\"(max-width: 300px) 100vw, 300px\" \/><\/h4><p style=\"text-align: center;\">Cuenta de ahorros No. 0072 7111 2810 a nombre de Germ\u00e1n Perdomo<\/p><p style=\"text-align: center;\">o por Daviplata al No. 3165619367<\/p><p style=\"text-align: center;\">Una vez realizada la transacci\u00f3n enviar el comprobante de pago al correo<strong> info@clubcosplaycolombia.org<\/strong><\/p><p style=\"text-align: center;\">\u00a0<\/p>\t\t\t\t\t\t<\/div>\n\t\t\t\t<\/div>\n\t\t\t\t\t<\/div>\n\t\t<\/div>\n\t\t\t\t\t<\/div>\n\t\t<\/section>\n\t\t\t\t<div class=\"elementor-element elementor-element-dd0d193 elementor-widget elementor-widget-image\" data-id=\"dd0d193\" data-element_type=\"widget\" data-widget_type=\"image.default\">\n\t\t\t\t<div class=\"elementor-widget-container\">\n\t\t\t\t\t\t\t\t\t\t\t\t\t<img decoding=\"async\" width=\"429\" height=\"65\" src=\"https:\/\/clubcosplaycolombia.com\/wp-content\/uploads\/2018\/12\/efectivo2.jpg\" class=\"attachment-large size-large wp-image-212\" alt=\"\" srcset=\"https:\/\/clubcosplaycolombia.com\/wp-content\/uploads\/2018\/12\/efectivo2.jpg 429w, https:\/\/clubcosplaycolombia.com\/wp-content\/uploads\/2018\/12\/efectivo2-300x45.jpg 300w\" sizes=\"(max-width: 429px) 100vw, 429px\" \/>\t\t\t\t\t\t\t\t\t\t\t\t\t<\/div>\n\t\t\t\t<\/div>\n\t\t\t\t<div class=\"elementor-element elementor-element-514c246 elementor-widget elementor-widget-text-editor\" data-id=\"514c246\" data-element_type=\"widget\" data-widget_type=\"text-editor.default\">\n\t\t\t\t<div class=\"elementor-widget-container\">\n\t\t\t\t\t\t\t<h5 style=\"text-align: center;\">Tambi\u00e9n puedes hacer el pago a trav\u00e9s de efecty, su red, v\u00eda baloto<\/h5><h5 style=\"text-align: center;\">a nombre de Germ\u00e1n Perdomo No.\u00a0\u00a0<\/h5><p style=\"text-align: center;\">Una vez realizado el pago enviar el comprobante de pago al correo<b> info@clubcosplaycolombia.org <\/b>para confirmaci\u00f3n.<\/p><p style=\"text-align: center;\">\u00a0<\/p>\t\t\t\t\t\t<\/div>\n\t\t\t\t<\/div>\n\t\t\t\t<div class=\"elementor-element elementor-element-2950baf elementor-widget elementor-widget-text-editor\" data-id=\"2950baf\" data-element_type=\"widget\" data-widget_type=\"text-editor.default\">\n\t\t\t\t<div class=\"elementor-widget-container\">\n\t\t\t\t\t\t\t<h5 style=\"text-align: center;\">Cualquier duda e inquietud no dude en comunicarse con nosotros:<\/h5><h2 style=\"text-align: center;\"><strong>\u00a0<a href=\"tel:3165619267\">3165619267<\/a><\/strong><\/h2>\t\t\t\t\t\t<\/div>\n\t\t\t\t<\/div>\n\t\t\t\t\t<\/div>\n\t\t<\/div>\n\t\t\t\t\t<\/div>\n\t\t<\/section>\n\t\t\t\t<\/div>\n\t\t","protected":false},"excerpt":{"rendered":"<p>Medios de Pago Contamos con diferentes medios de pago para que puedas adquirir nuestros productos y servicios PAGO CONTRA ENTREGA Ac\u00e9rcate a nuestro punto principal o en cualquiera de nuestras presentaciones en eventos y adquiere tu art\u00edculo o membres\u00eda. Preg\u00fantanos &hellip; <a href=\"https:\/\/clubcosplaycolombia.com\/index.php\/medios-de-pago\/\">Continuar<\/a><\/p>\n","protected":false},"author":1,"featured_media":0,"parent":0,"menu_order":0,"comment_status":"closed","ping_status":"closed","template":"","meta":{"kt_blocks_editor_width":"","footnotes":""},"class_list":["post-209","page","type-page","status-publish","hentry"],"_links":{"self":[{"href":"https:\/\/clubcosplaycolombia.com\/index.php\/wp-json\/wp\/v2\/pages\/209","targetHints":{"allow":["GET"]}}],"collection":[{"href":"https:\/\/clubcosplaycolombia.com\/index.php\/wp-json\/wp\/v2\/pages"}],"about":[{"href":"https:\/\/clubcosplaycolombia.com\/index.php\/wp-json\/wp\/v2\/types\/page"}],"author":[{"embeddable":true,"href":"https:\/\/clubcosplaycolombia.com\/index.php\/wp-json\/wp\/v2\/users\/1"}],"replies":[{"embeddable":true,"href":"https:\/\/clubcosplaycolombia.com\/index.php\/wp-json\/wp\/v2\/comments?post=209"}],"version-history":[{"count":8,"href":"https:\/\/clubcosplaycolombia.com\/index.php\/wp-json\/wp\/v2\/pages\/209\/revisions"}],"predecessor-version":[{"id":289,"href":"https:\/\/clubcosplaycolombia.com\/index.php\/wp-json\/wp\/v2\/pages\/209\/revisions\/289"}],"wp:attachment":[{"href":"https:\/\/clubcosplaycolombia.com\/index.php\/wp-json\/wp\/v2\/media?parent=209"}],"curies":[{"name":"wp","href":"https:\/\/api.w.org\/{rel}","templated":true}]}}