{"id":8,"date":"2018-12-20T03:23:02","date_gmt":"2018-12-20T03:23:02","guid":{"rendered":"http:\/\/clubcosplaycolombia.com\/?page_id=8"},"modified":"2018-12-24T16:54:34","modified_gmt":"2018-12-24T16:54:34","slug":"acerca-de-nosotros","status":"publish","type":"page","link":"https:\/\/clubcosplaycolombia.com\/index.php\/acerca-de-nosotros\/","title":{"rendered":"Acerca de Nosotros"},"content":{"rendered":"\t\t<div data-elementor-type=\"wp-post\" data-elementor-id=\"8\" class=\"elementor elementor-8 elementor-bc-flex-widget\">\n\t\t\t\t\t\t<section class=\"elementor-section elementor-top-section elementor-element elementor-element-cd47ea9 elementor-section-boxed elementor-section-height-default elementor-section-height-default\" data-id=\"cd47ea9\" data-element_type=\"section\">\n\t\t\t\t\t\t<div class=\"elementor-container elementor-column-gap-default\">\n\t\t\t\t\t<div class=\"elementor-column elementor-col-100 elementor-top-column elementor-element elementor-element-a99a4ac\" data-id=\"a99a4ac\" data-element_type=\"column\">\n\t\t\t<div class=\"elementor-widget-wrap elementor-element-populated\">\n\t\t\t\t\t\t<div class=\"elementor-element elementor-element-836395c elementor-widget elementor-widget-image\" data-id=\"836395c\" data-element_type=\"widget\" data-widget_type=\"image.default\">\n\t\t\t\t<div class=\"elementor-widget-container\">\n\t\t\t\t\t\t\t\t\t\t\t\t\t<img fetchpriority=\"high\" decoding=\"async\" width=\"1000\" height=\"486\" src=\"https:\/\/clubcosplaycolombia.com\/wp-content\/uploads\/2018\/12\/Acerca-de-Club-cosplay-colombia-min.png\" class=\"attachment-large size-large wp-image-140\" alt=\"\" srcset=\"https:\/\/clubcosplaycolombia.com\/wp-content\/uploads\/2018\/12\/Acerca-de-Club-cosplay-colombia-min.png 1000w, https:\/\/clubcosplaycolombia.com\/wp-content\/uploads\/2018\/12\/Acerca-de-Club-cosplay-colombia-min-300x146.png 300w, https:\/\/clubcosplaycolombia.com\/wp-content\/uploads\/2018\/12\/Acerca-de-Club-cosplay-colombia-min-768x373.png 768w\" sizes=\"(max-width: 1000px) 100vw, 1000px\" \/>\t\t\t\t\t\t\t\t\t\t\t\t\t<\/div>\n\t\t\t\t<\/div>\n\t\t\t\t\t<\/div>\n\t\t<\/div>\n\t\t\t\t\t<\/div>\n\t\t<\/section>\n\t\t\t\t<section class=\"elementor-section elementor-top-section elementor-element elementor-element-5a3cc97 elementor-section-boxed elementor-section-height-default elementor-section-height-default\" data-id=\"5a3cc97\" data-element_type=\"section\">\n\t\t\t\t\t\t<div class=\"elementor-container elementor-column-gap-default\">\n\t\t\t\t\t<div class=\"elementor-column elementor-col-100 elementor-top-column elementor-element elementor-element-5d57977\" data-id=\"5d57977\" data-element_type=\"column\">\n\t\t\t<div class=\"elementor-widget-wrap elementor-element-populated\">\n\t\t\t\t\t\t<div class=\"elementor-element elementor-element-730858e elementor-widget elementor-widget-text-editor\" data-id=\"730858e\" data-element_type=\"widget\" data-widget_type=\"text-editor.default\">\n\t\t\t\t<div class=\"elementor-widget-container\">\n\t\t\t\t\t\t\t<p><strong><span style=\"color: #333333;\">Somos una organizaci\u00f3n conformada por todos los amantes del anime, manga, c\u00f3mics, v\u00eddeojuegos, series y pel\u00edculas y todo lo referente a la fantas\u00eda y el entretenimiento.<\/span><\/strong><\/p><p><span style=\"color: #333333;\"><span style=\"color: #808080;\">Nuestro objetivo principal es promocionar actividades que permitan la interacci\u00f3n dentro de este <em><strong>multi-universo<\/strong><\/em> en nuestro pa\u00eds, con todos las personas aficionadas con la cultura del ocio y la imaginaci\u00f3n. As\u00ed como de construir un espacio de integraci\u00f3n y participaci\u00f3n por todos nuestros miembros participante donde encuentren ademas de otras personas con gustos similares, puedan adquirir beneficios para compras de art\u00edculos e ingresos especiales a diferentes actividades que anualmente se realizan como el SOFA y el Comicon entre otros.<\/span><\/span><\/p>\t\t\t\t\t\t<\/div>\n\t\t\t\t<\/div>\n\t\t\t\t\t<\/div>\n\t\t<\/div>\n\t\t\t\t\t<\/div>\n\t\t<\/section>\n\t\t\t\t<section class=\"elementor-section elementor-top-section elementor-element elementor-element-141c872 elementor-section-boxed elementor-section-height-default elementor-section-height-default\" data-id=\"141c872\" data-element_type=\"section\">\n\t\t\t\t\t\t<div class=\"elementor-container elementor-column-gap-default\">\n\t\t\t\t\t<div class=\"elementor-column elementor-col-50 elementor-top-column elementor-element elementor-element-cca6cc9\" data-id=\"cca6cc9\" data-element_type=\"column\">\n\t\t\t<div class=\"elementor-widget-wrap elementor-element-populated\">\n\t\t\t\t\t\t<div class=\"elementor-element elementor-element-ffcef09 elementor-widget elementor-widget-image\" data-id=\"ffcef09\" data-element_type=\"widget\" data-widget_type=\"image.default\">\n\t\t\t\t<div class=\"elementor-widget-container\">\n\t\t\t\t\t\t\t\t\t\t\t\t\t<img decoding=\"async\" width=\"451\" height=\"450\" src=\"https:\/\/clubcosplaycolombia.com\/wp-content\/uploads\/2018\/12\/Acerca-de-Club-cosplay-colombia-2-min.png\" class=\"attachment-large size-large wp-image-141\" alt=\"\" srcset=\"https:\/\/clubcosplaycolombia.com\/wp-content\/uploads\/2018\/12\/Acerca-de-Club-cosplay-colombia-2-min.png 451w, https:\/\/clubcosplaycolombia.com\/wp-content\/uploads\/2018\/12\/Acerca-de-Club-cosplay-colombia-2-min-150x150.png 150w, https:\/\/clubcosplaycolombia.com\/wp-content\/uploads\/2018\/12\/Acerca-de-Club-cosplay-colombia-2-min-300x300.png 300w\" sizes=\"(max-width: 451px) 100vw, 451px\" \/>\t\t\t\t\t\t\t\t\t\t\t\t\t<\/div>\n\t\t\t\t<\/div>\n\t\t\t\t<div class=\"elementor-element elementor-element-211163d elementor-view-framed elementor-shape-circle elementor-widget elementor-widget-icon\" data-id=\"211163d\" data-element_type=\"widget\" data-widget_type=\"icon.default\">\n\t\t\t\t<div class=\"elementor-widget-container\">\n\t\t\t\t\t<div class=\"elementor-icon-wrapper\">\n\t\t\t<div class=\"elementor-icon\">\n\t\t\t\t\t\t\t<i class=\"fa fa-group\" aria-hidden=\"true\"><\/i>\n\t\t\t\t\t\t<\/div>\n\t\t<\/div>\n\t\t\t\t<\/div>\n\t\t\t\t<\/div>\n\t\t\t\t<div class=\"elementor-element elementor-element-269fafd elementor-widget elementor-widget-text-editor\" data-id=\"269fafd\" data-element_type=\"widget\" data-widget_type=\"text-editor.default\">\n\t\t\t\t<div class=\"elementor-widget-container\">\n\t\t\t\t\t\t\t<h3 style=\"text-align: center;\"><strong>Responsabilidad Social<\/strong><\/h3><p>Promovemos este tipo de actividades de integraci\u00f3n y esparcimiento en los tiempos libres como una alternativa para que las personas puedan desarrollar otros hobbies, para que no pierdan esos espacios de tiempo en vicios u otros aspectos que da\u00f1an a la sociedad.<\/p>\t\t\t\t\t\t<\/div>\n\t\t\t\t<\/div>\n\t\t\t\t\t<\/div>\n\t\t<\/div>\n\t\t\t\t<div class=\"elementor-column elementor-col-50 elementor-top-column elementor-element elementor-element-4a45cea\" data-id=\"4a45cea\" data-element_type=\"column\">\n\t\t\t<div class=\"elementor-widget-wrap elementor-element-populated\">\n\t\t\t\t\t\t<div class=\"elementor-element elementor-element-6e0a33c elementor-view-framed elementor-shape-circle elementor-widget elementor-widget-icon\" data-id=\"6e0a33c\" data-element_type=\"widget\" data-widget_type=\"icon.default\">\n\t\t\t\t<div class=\"elementor-widget-container\">\n\t\t\t\t\t<div class=\"elementor-icon-wrapper\">\n\t\t\t<div class=\"elementor-icon\">\n\t\t\t\t\t\t\t<i class=\"fa fa-rocket\" aria-hidden=\"true\"><\/i>\n\t\t\t\t\t\t<\/div>\n\t\t<\/div>\n\t\t\t\t<\/div>\n\t\t\t\t<\/div>\n\t\t\t\t<div class=\"elementor-element elementor-element-a7d047f elementor-widget elementor-widget-text-editor\" data-id=\"a7d047f\" data-element_type=\"widget\" data-widget_type=\"text-editor.default\">\n\t\t\t\t<div class=\"elementor-widget-container\">\n\t\t\t\t\t\t\t<h3 style=\"text-align: center;\"><strong>Nuestra Misi\u00f3n<\/strong><\/h3><div><p>Ser un club que se\u00a0identifique con la juventud y personas adultas que disfrutan de espacios de entretenimiento y recreaci\u00f3n en la cultura cosplay a nivel capital y nacional, Creando espacios donde se pueda aprender y compartir entorno\u00a0a esta cultura.<\/p><p>Participar en todos los eventos p\u00fablicos y privados ofreciendo diferentes actividades a nuestros miembros y descuentos especiales, as\u00ed como promocionar la cultura del cosplay en Colombia.<\/p><\/div>\t\t\t\t\t\t<\/div>\n\t\t\t\t<\/div>\n\t\t\t\t<div class=\"elementor-element elementor-element-c487087 elementor-view-framed elementor-shape-circle elementor-widget elementor-widget-icon\" data-id=\"c487087\" data-element_type=\"widget\" data-widget_type=\"icon.default\">\n\t\t\t\t<div class=\"elementor-widget-container\">\n\t\t\t\t\t<div class=\"elementor-icon-wrapper\">\n\t\t\t<div class=\"elementor-icon\">\n\t\t\t\t\t\t\t<i class=\"fa fa-superpowers\" aria-hidden=\"true\"><\/i>\n\t\t\t\t\t\t<\/div>\n\t\t<\/div>\n\t\t\t\t<\/div>\n\t\t\t\t<\/div>\n\t\t\t\t<div class=\"elementor-element elementor-element-4891101 elementor-widget elementor-widget-text-editor\" data-id=\"4891101\" data-element_type=\"widget\" data-widget_type=\"text-editor.default\">\n\t\t\t\t<div class=\"elementor-widget-container\">\n\t\t\t\t\t\t\t<h3 style=\"text-align: center;\"><strong>Nuestra Visi\u00f3n<\/strong><\/h3><p>Queremos ser un club que traspase nuestras fronteras (latinoamerica y otros pa\u00edses) para todos los amantes del anime, manga, c\u00f3mics, v\u00eddeo juegos y todo lo relevante a la cultura del entretenimiento, en donde las personas puedan participar, compartir, expresar todo lo referente a estas tem\u00e1ticas, as\u00ed como de conocer novedades del mundo del entretenimiento.<\/p>\t\t\t\t\t\t<\/div>\n\t\t\t\t<\/div>\n\t\t\t\t\t<\/div>\n\t\t<\/div>\n\t\t\t\t\t<\/div>\n\t\t<\/section>\n\t\t\t\t<section class=\"elementor-section elementor-top-section elementor-element elementor-element-e4d89ce elementor-section-boxed elementor-section-height-default elementor-section-height-default\" data-id=\"e4d89ce\" data-element_type=\"section\">\n\t\t\t\t\t\t<div class=\"elementor-container elementor-column-gap-default\">\n\t\t\t\t\t<div class=\"elementor-column elementor-col-100 elementor-top-column elementor-element elementor-element-0a807d3\" data-id=\"0a807d3\" data-element_type=\"column\">\n\t\t\t<div class=\"elementor-widget-wrap elementor-element-populated\">\n\t\t\t\t\t\t<div class=\"elementor-element elementor-element-52ece57 elementor-widget elementor-widget-spacer\" data-id=\"52ece57\" data-element_type=\"widget\" data-widget_type=\"spacer.default\">\n\t\t\t\t<div class=\"elementor-widget-container\">\n\t\t\t\t\t<div class=\"elementor-spacer\">\n\t\t\t<div class=\"elementor-spacer-inner\"><\/div>\n\t\t<\/div>\n\t\t\t\t<\/div>\n\t\t\t\t<\/div>\n\t\t\t\t\t<\/div>\n\t\t<\/div>\n\t\t\t\t\t<\/div>\n\t\t<\/section>\n\t\t\t\t<section class=\"elementor-section elementor-top-section elementor-element elementor-element-58356d6 elementor-section-boxed elementor-section-height-default elementor-section-height-default\" data-id=\"58356d6\" data-element_type=\"section\">\n\t\t\t\t\t\t<div class=\"elementor-container elementor-column-gap-default\">\n\t\t\t\t\t<div class=\"elementor-column elementor-col-100 elementor-top-column elementor-element elementor-element-4923472\" data-id=\"4923472\" data-element_type=\"column\">\n\t\t\t<div class=\"elementor-widget-wrap elementor-element-populated\">\n\t\t\t\t\t\t<div class=\"elementor-element elementor-element-1c9d5e1 elementor-align-center elementor-widget elementor-widget-button\" data-id=\"1c9d5e1\" data-element_type=\"widget\" data-widget_type=\"button.default\">\n\t\t\t\t<div class=\"elementor-widget-container\">\n\t\t\t\t\t\t\t<div class=\"elementor-button-wrapper\">\n\t\t\t\t\t<a class=\"elementor-button elementor-button-link elementor-size-xl elementor-animation-shrink\" href=\"http:\/\/clubcosplaycolombia.site\/\">\n\t\t\t\t\t\t<span class=\"elementor-button-content-wrapper\">\n\t\t\t\t\t\t\t\t\t<span class=\"elementor-button-text\">Reg\u00edstrate y haz parte de este Multi-universo<\/span>\n\t\t\t\t\t<\/span>\n\t\t\t\t\t<\/a>\n\t\t\t\t<\/div>\n\t\t\t\t\t\t<\/div>\n\t\t\t\t<\/div>\n\t\t\t\t\t<\/div>\n\t\t<\/div>\n\t\t\t\t\t<\/div>\n\t\t<\/section>\n\t\t\t\t<section class=\"elementor-section elementor-top-section elementor-element elementor-element-7310b43 elementor-section-boxed elementor-section-height-default elementor-section-height-default\" data-id=\"7310b43\" data-element_type=\"section\">\n\t\t\t\t\t\t<div class=\"elementor-container elementor-column-gap-default\">\n\t\t\t\t\t<div class=\"elementor-column elementor-col-50 elementor-top-column elementor-element elementor-element-ca1190f\" data-id=\"ca1190f\" data-element_type=\"column\">\n\t\t\t<div class=\"elementor-widget-wrap elementor-element-populated\">\n\t\t\t\t\t\t<div class=\"elementor-element elementor-element-4259eca elementor-widget elementor-widget-text-editor\" data-id=\"4259eca\" data-element_type=\"widget\" data-widget_type=\"text-editor.default\">\n\t\t\t\t<div class=\"elementor-widget-container\">\n\t\t\t\t\t\t\t<h4 style=\"text-align: center;\"><strong>Cont\u00e1ctenos<\/strong><\/h4><h5 style=\"text-align: center;\">Diligencia el formulario y con gusto responderemos<\/h5>\t\t\t\t\t\t<\/div>\n\t\t\t\t<\/div>\n\t\t\t\t<div class=\"elementor-element elementor-element-c091968 elementor-widget elementor-widget-wp-widget-wpforms-widget\" data-id=\"c091968\" data-element_type=\"widget\" data-widget_type=\"wp-widget-wpforms-widget.default\">\n\t\t\t\t<div class=\"elementor-widget-container\">\n\t\t\t<div class=\"wpforms-container wpforms-container-full\" id=\"wpforms-129\"><form id=\"wpforms-form-129\" class=\"wpforms-validate wpforms-form\" data-formid=\"129\" method=\"post\" enctype=\"multipart\/form-data\" action=\"\/index.php\/wp-json\/wp\/v2\/pages\/8\" data-token=\"bb26fe0656f8bb8b75c1d86f0dfbfb65\" data-token-time=\"1777927031\"><noscript class=\"wpforms-error-noscript\">Por favor, activa JavaScript en tu navegador para completar este formulario.<\/noscript><div class=\"wpforms-field-container\"><div id=\"wpforms-129-field_1-container\" class=\"wpforms-field wpforms-field-name\" data-field-id=\"1\"><label class=\"wpforms-field-label\" for=\"wpforms-129-field_1\">Nombre <span class=\"wpforms-required-label\">*<\/span><\/label><input type=\"text\" id=\"wpforms-129-field_1\" class=\"wpforms-field-large wpforms-field-required\" name=\"wpforms[fields][1]\" required><\/div><div id=\"wpforms-129-field_3-container\" class=\"wpforms-field wpforms-field-number\" data-field-id=\"3\"><label class=\"wpforms-field-label\" for=\"wpforms-129-field_3\">Celular <span class=\"wpforms-required-label\">*<\/span><\/label><input type=\"number\" id=\"wpforms-129-field_3\" class=\"wpforms-field-large wpforms-field-required\" name=\"wpforms[fields][3]\" required><\/div><div id=\"wpforms-129-field_2-container\" class=\"wpforms-field wpforms-field-email\" data-field-id=\"2\"><label class=\"wpforms-field-label\" for=\"wpforms-129-field_2\">Correo electr\u00f3nico <span class=\"wpforms-required-label\">*<\/span><\/label><input type=\"email\" id=\"wpforms-129-field_2\" class=\"wpforms-field-large wpforms-field-required\" name=\"wpforms[fields][2]\" spellcheck=\"false\" required><\/div><div id=\"wpforms-129-field_4-container\" class=\"wpforms-field wpforms-field-textarea\" data-field-id=\"4\"><label class=\"wpforms-field-label\" for=\"wpforms-129-field_4\">Mensaje<\/label><textarea id=\"wpforms-129-field_4\" class=\"wpforms-field-medium\" name=\"wpforms[fields][4]\" ><\/textarea><\/div><\/div><!-- .wpforms-field-container --><div class=\"wpforms-recaptcha-container wpforms-is-recaptcha wpforms-is-recaptcha-type-v2\" ><div class=\"g-recaptcha\" data-sitekey=\"6LcBB4QUAAAAANuYUqrO_fSNJ_shWBVY2h7sC-eS\"><\/div><input type=\"text\" name=\"g-recaptcha-hidden\" class=\"wpforms-recaptcha-hidden\" style=\"position:absolute!important;clip:rect(0,0,0,0)!important;height:1px!important;width:1px!important;border:0!important;overflow:hidden!important;padding:0!important;margin:0!important;\" data-rule-recaptcha=\"1\"><\/div><div class=\"wpforms-submit-container\" ><input type=\"hidden\" name=\"wpforms[id]\" value=\"129\"><input type=\"hidden\" name=\"page_title\" value=\"\"><input type=\"hidden\" name=\"page_url\" value=\"https:\/\/clubcosplaycolombia.com\/index.php\/wp-json\/wp\/v2\/pages\/8\"><button type=\"submit\" name=\"wpforms[submit]\" id=\"wpforms-submit-129\" class=\"wpforms-submit\" data-alt-text=\"Enviando...\" data-submit-text=\"Enviar\" aria-live=\"assertive\" value=\"wpforms-submit\">Enviar<\/button><\/div><\/form><\/div>  <!-- .wpforms-container -->\t\t<\/div>\n\t\t\t\t<\/div>\n\t\t\t\t<div class=\"elementor-element elementor-element-6a7a64d elementor-widget elementor-widget-text-editor\" data-id=\"6a7a64d\" data-element_type=\"widget\" data-widget_type=\"text-editor.default\">\n\t\t\t\t<div class=\"elementor-widget-container\">\n\t\t\t\t\t\t\t<h5 style=\"text-align: center;\">*\u00a0<a href=\"http:\/\/clubcosplaycolombia.com\/index.php\/politica-de-privacidad\/\">Protecci\u00f3n de datos y confidencialidad<\/a><\/h5><p style=\"text-align: center;\">( Al enviar tus datos damos por entendido que has le\u00eddo nuestras pol\u00edticas y estas de acuerdo)<\/p>\t\t\t\t\t\t<\/div>\n\t\t\t\t<\/div>\n\t\t\t\t\t<\/div>\n\t\t<\/div>\n\t\t\t\t<div class=\"elementor-column elementor-col-50 elementor-top-column elementor-element elementor-element-a2dab20\" data-id=\"a2dab20\" data-element_type=\"column\">\n\t\t\t<div class=\"elementor-widget-wrap elementor-element-populated\">\n\t\t\t\t\t\t<div class=\"elementor-element elementor-element-860e34a elementor-widget elementor-widget-image\" data-id=\"860e34a\" data-element_type=\"widget\" data-widget_type=\"image.default\">\n\t\t\t\t<div class=\"elementor-widget-container\">\n\t\t\t\t\t\t\t\t\t\t\t\t\t<img decoding=\"async\" width=\"300\" height=\"300\" src=\"https:\/\/clubcosplaycolombia.com\/wp-content\/uploads\/2018\/12\/Logo-Club-Cosplay-Colombia-300x300.png\" class=\"attachment-medium size-medium wp-image-21\" alt=\"\" srcset=\"https:\/\/clubcosplaycolombia.com\/wp-content\/uploads\/2018\/12\/Logo-Club-Cosplay-Colombia-300x300.png 300w, https:\/\/clubcosplaycolombia.com\/wp-content\/uploads\/2018\/12\/Logo-Club-Cosplay-Colombia-150x150.png 150w, https:\/\/clubcosplaycolombia.com\/wp-content\/uploads\/2018\/12\/Logo-Club-Cosplay-Colombia.png 381w\" sizes=\"(max-width: 300px) 100vw, 300px\" \/>\t\t\t\t\t\t\t\t\t\t\t\t\t<\/div>\n\t\t\t\t<\/div>\n\t\t\t\t<div class=\"elementor-element elementor-element-c80383b elementor-widget elementor-widget-text-editor\" data-id=\"c80383b\" data-element_type=\"widget\" data-widget_type=\"text-editor.default\">\n\t\t\t\t<div class=\"elementor-widget-container\">\n\t\t\t\t\t\t\t<h3 style=\"text-align: center;\"><strong>\u00a0Te invitamos a que conozcas este fant\u00e1stico\u00a0<\/strong><\/h3><h3 style=\"text-align: center;\"><strong><em>Multi-universo\u00a0<\/em>\u00a0que traemos para ti:<\/strong><\/h3><h5 style=\"text-align: center;\">\u00a0<\/h5><h5 style=\"text-align: center;\">Eventos p\u00fablicos y privados<\/h5><h5 style=\"text-align: center;\">Concursos y Juegos<\/h5><h5 style=\"text-align: center;\">Presentaciones\u00a0<\/h5><h5 style=\"text-align: center;\">Actividades y mucho m\u00e1s.<\/h5>\t\t\t\t\t\t<\/div>\n\t\t\t\t<\/div>\n\t\t\t\t\t<\/div>\n\t\t<\/div>\n\t\t\t\t\t<\/div>\n\t\t<\/section>\n\t\t\t\t<\/div>\n\t\t","protected":false},"excerpt":{"rendered":"<p>Somos una organizaci\u00f3n conformada por todos los amantes del anime, manga, c\u00f3mics, v\u00eddeojuegos, series y pel\u00edculas y todo lo referente a la fantas\u00eda y el entretenimiento. Nuestro objetivo principal es promocionar actividades que permitan la interacci\u00f3n dentro de este multi-universo &hellip; <a href=\"https:\/\/clubcosplaycolombia.com\/index.php\/acerca-de-nosotros\/\">Continuar<\/a><\/p>\n","protected":false},"author":1,"featured_media":0,"parent":0,"menu_order":0,"comment_status":"closed","ping_status":"closed","template":"","meta":{"kt_blocks_editor_width":"","footnotes":""},"class_list":["post-8","page","type-page","status-publish","hentry"],"_links":{"self":[{"href":"https:\/\/clubcosplaycolombia.com\/index.php\/wp-json\/wp\/v2\/pages\/8","targetHints":{"allow":["GET"]}}],"collection":[{"href":"https:\/\/clubcosplaycolombia.com\/index.php\/wp-json\/wp\/v2\/pages"}],"about":[{"href":"https:\/\/clubcosplaycolombia.com\/index.php\/wp-json\/wp\/v2\/types\/page"}],"author":[{"embeddable":true,"href":"https:\/\/clubcosplaycolombia.com\/index.php\/wp-json\/wp\/v2\/users\/1"}],"replies":[{"embeddable":true,"href":"https:\/\/clubcosplaycolombia.com\/index.php\/wp-json\/wp\/v2\/comments?post=8"}],"version-history":[{"count":19,"href":"https:\/\/clubcosplaycolombia.com\/index.php\/wp-json\/wp\/v2\/pages\/8\/revisions"}],"predecessor-version":[{"id":290,"href":"https:\/\/clubcosplaycolombia.com\/index.php\/wp-json\/wp\/v2\/pages\/8\/revisions\/290"}],"wp:attachment":[{"href":"https:\/\/clubcosplaycolombia.com\/index.php\/wp-json\/wp\/v2\/media?parent=8"}],"curies":[{"name":"wp","href":"https:\/\/api.w.org\/{rel}","templated":true}]}}